{"id":19345,"date":"2025-12-06T19:14:39","date_gmt":"2025-12-06T17:14:39","guid":{"rendered":"https:\/\/joyajewels.com\/?post_type=product&#038;p=19345"},"modified":"2025-12-19T18:48:10","modified_gmt":"2025-12-19T16:48:10","slug":"set-anhaenger-ohrhaenger-mit-jade-aus-925-silber","status":"publish","type":"product","link":"https:\/\/joyajewels.com\/en\/set-anhaenger-ohrhaenger-mit-jade-aus-925-silber\/","title":{"rendered":"Set Anh\u00e4nger &#038; Ohrh\u00e4nger mit Jade aus 925 Silber"},"content":{"rendered":"<p>Set Anh\u00e4nger &amp; Ohrh\u00e4nger mit Jade und Silberbl\u00e4ttern aus 925 Silber<br \/>\nDie Ohrh\u00e4nger haben einen Klappverschluss<\/p>\n<p><span id=\"E140\"><strong>Produktdetails:<br \/>\n<\/strong><\/span><span id=\"E148\"><span id=\"E140\"><strong>Anh\u00e4nger\u00a0<\/strong>(beweglich)<\/span><br \/>\n<span id=\"E140\">Finish: Hochglanzpoliert, Silberbl\u00e4tter<br \/>\nStein: Jadekugel<br \/>\n<\/span>Steinschliff: Cabochon<br \/>\nSteinfassung: Fassung im Stein eingebohrt<br \/>\n<\/span><span id=\"E148\">Steingr\u00f6\u00dfe (inkl. Fassung): ca. 11 mm (Durchmesser)<br \/>\n<span id=\"E144\">Gesamtl\u00e4nge (inkl. \u00d6se): ca. 19 mm<br \/>\n<\/span><span id=\"E144\">Gewicht: ca. 2,1 g<br \/>\n<\/span><span id=\"E144\"><\/span>Preis: 29,90 \u20ac<\/span><\/p>\n<p class=\"qowt-stl-Normal\"><span id=\"E148\"><span id=\"E140\"><strong>Ohrh\u00e4nger <\/strong>(beweglich, Klappverschluss)<\/span><br \/>\n<span id=\"E140\">Finish: Hochglanzpoliert, Silberbl\u00e4tter<br \/>\nStein: Jadekugel<br \/>\n<\/span>Steinschliff: Cabochon<br \/>\nSteinfassung: Fassung im Stein eingebohrt<br \/>\nSteingr\u00f6\u00dfe (inkl. Fassung): ca. 11 mm (Durchmesser)<br \/>\n<span id=\"E144\">Gesamtl\u00e4nge Ohrh\u00e4nger: ca. 29 mm<br \/>\n<\/span><span id=\"E144\">Gewicht (Paar): ca. 4,6 g<br \/>\n<\/span><span id=\"E144\"><\/span>Preis: 68,00 \u20ac<\/span><\/p>\n<p>Anh\u00e4nger und Ohrh\u00e4nger k\u00f6nnen auch einzeln erworben werden.<\/p>\n<p class=\"qowt-stl-Normal\"><em>Joya Symbol: Die Spirale des Lebens<br \/>\n<\/em>Auf vielen unserer Schmuckst\u00fccke ist das Joya Symbol, die Spirale des Lebens ,zu sehen. Die Spirale ist das Symbol f\u00fcr Wandel, Ver\u00e4nderung, Leichtigkeit und der inneren Einkehr. Der Weg der Spirale ist der Weg hinein und wieder hinaus. Die Spirale definiert nicht. Sie dreht, wirbelt, tanzt, n\u00e4hert sich und entfernt sich wieder. Die Spirale ist ein Zeichen der inneren Umkehr des Menschen, seiner geistigen und k\u00f6rperlichen Erneuerung.<\/p>\n","protected":false},"excerpt":{"rendered":"<ul>\n<li>925 Silber<\/li>\n<li>Handarbeit<\/li>\n<li>Jadekugel mit Silberbl\u00e4ttern<\/li>\n<li>Set Anh\u00e4nger &amp; Ohrh\u00e4nger<\/li>\n<li>Ethisch fair produziert<\/li>\n<li>Weitere St\u00fccke sowie andere Modelle &amp; Gr\u00f6\u00dfen evtl. vorhanden \u2013 bei Interesse kontaktieren Sie uns: info@joyajewels.com<\/li>\n<\/ul>\n","protected":false},"featured_media":19349,"comment_status":"closed","ping_status":"closed","template":"","meta":{"_acf_changed":false,"slim_seo":{"title":"Set Anh\u00e4nger & Ohrh\u00e4nger mit Jade aus 925 Silber - Joya Jewels","description":"925 Silber Handarbeit Jadekugel mit Silberbl\u00e4ttern Set Anh\u00e4nger &amp; Ohrh\u00e4nger Ethisch fair produziert Weitere St\u00fccke sowie andere Modelle &amp; Gr\u00f6\u00dfen evtl. v"}},"product_brand":[],"product_cat":[660,673,2025,346,756,658,657,2076],"product_tag":[533,534,559,2026,2060,1237,1141,540,545,1180,487,2059],"class_list":{"0":"post-19345","1":"product","2":"type-product","3":"status-publish","4":"has-post-thumbnail","6":"product_cat-anhanger","7":"product_cat-edelsteine","8":"product_cat-jade","9":"product_cat-kollektion","10":"product_cat-ohrhaenger","11":"product_cat-ohrringe","12":"product_cat-schmuck","13":"product_cat-silber-mit-edelstein","14":"product_tag-925-silber","15":"product_tag-anhaenger","16":"product_tag-blaetter","17":"product_tag-jade","18":"product_tag-jadekugel","19":"product_tag-kettenanhaenger","20":"product_tag-kugel","21":"product_tag-ohrhaenger","22":"product_tag-ohrringe","23":"product_tag-set","24":"product_tag-silber","25":"product_tag-silberblaetter","26":"pa_edelstein-jade","27":"pa_edelsteinschliff-cabochon","28":"pa_schmucktyp-silber-mit-edelstein","30":"first","31":"instock","32":"shipping-taxable","33":"purchasable","34":"product-type-variable","35":"add-to-wishlist-before_image","36":"customify-col","37":"product-has-gallery"},"acf":[],"_links":{"self":[{"href":"https:\/\/joyajewels.com\/en\/wp-json\/wp\/v2\/product\/19345","targetHints":{"allow":["GET"]}}],"collection":[{"href":"https:\/\/joyajewels.com\/en\/wp-json\/wp\/v2\/product"}],"about":[{"href":"https:\/\/joyajewels.com\/en\/wp-json\/wp\/v2\/types\/product"}],"replies":[{"embeddable":true,"href":"https:\/\/joyajewels.com\/en\/wp-json\/wp\/v2\/comments?post=19345"}],"wp:featuredmedia":[{"embeddable":true,"href":"https:\/\/joyajewels.com\/en\/wp-json\/wp\/v2\/media\/19349"}],"wp:attachment":[{"href":"https:\/\/joyajewels.com\/en\/wp-json\/wp\/v2\/media?parent=19345"}],"wp:term":[{"taxonomy":"product_brand","embeddable":true,"href":"https:\/\/joyajewels.com\/en\/wp-json\/wp\/v2\/product_brand?post=19345"},{"taxonomy":"product_cat","embeddable":true,"href":"https:\/\/joyajewels.com\/en\/wp-json\/wp\/v2\/product_cat?post=19345"},{"taxonomy":"product_tag","embeddable":true,"href":"https:\/\/joyajewels.com\/en\/wp-json\/wp\/v2\/product_tag?post=19345"}],"curies":[{"name":"wp","href":"https:\/\/api.w.org\/{rel}","templated":true}]}}