{"id":19298,"date":"2025-12-05T20:59:52","date_gmt":"2025-12-05T18:59:52","guid":{"rendered":"https:\/\/joyajewels.com\/?post_type=product&#038;p=19298"},"modified":"2026-01-06T15:29:34","modified_gmt":"2026-01-06T13:29:34","slug":"ring-mit-schwarzem-turmalin-aus-925-silber-2","status":"publish","type":"product","link":"https:\/\/joyajewels.com\/en\/ring-mit-schwarzem-turmalin-aus-925-silber-2\/","title":{"rendered":"Ring mit Schwarzem Turmalin aus 925 Silber"},"content":{"rendered":"<p>Ring mit Schwarzem Turmalin aus 925 Silber<\/p>\n<p><strong>Produktdetails:<\/strong><br \/>\nFinish: Hochglanzpoliert<br \/>\nStein: Schwarzer Turmalin<br \/>\nSteinschliff: Rohstein<br \/>\nSteingr\u00f6\u00dfe (inkl. Fassung): ca. 16 mm (L) x 12 mm (B) x 5 mm (H)<br \/>\nFassung: Krappenfassung<br \/>\nRingband: Hochglanzpoliert, geschlossen<br \/>\nRingbandbreite: ca. 2 mm<br \/>\nRinggewicht: ca. 4,9 g<br \/>\nRinggr\u00f6\u00dfe: 56<\/p>\n<p><em>Joya Symbol: Die Spirale des Lebens<br \/>\n<\/em>Auf vielen unserer Schmuckst\u00fccke ist das Joya Symbol, die Spirale des Lebens zu sehen.\u00a0Die Spirale ist das Symbol f\u00fcr Wandel, Ver\u00e4nderung, Leichtigkeit und der inneren Einkehr.\u00a0Der Weg der Spirale ist der Weg hinein und wieder hinaus.\u00a0Die Spirale definiert nicht.\u00a0Sie dreht, wirbelt, tanzt, n\u00e4hert sich und entfernt sich wieder.\u00a0Die Spirale ist ein Zeichen der inneren Umkehr des Menschen, seiner geistigen und k\u00f6rperlichen Erneuerung.<\/p>\n","protected":false},"excerpt":{"rendered":"<ul>\n<li>925 Silber<\/li>\n<li>Steingr\u00f6\u00dfe (inkl. Fassung): ca. 16 mm (L) x 12 mm (B) x 5 mm (H)<\/li>\n<li>Handarbeit<\/li>\n<li>Schwarzer Turmalin<\/li>\n<li>Ringgr\u00f6\u00dfe 56<\/li>\n<li>Ethisch fair produziert<\/li>\n<li>Weitere St\u00fccke sowie andere Modelle &amp; Gr\u00f6\u00dfen evtl. vorhanden \u2013 bei Interesse kontaktieren Sie uns: info@joyajewels.com<\/li>\n<\/ul>\n","protected":false},"featured_media":19299,"comment_status":"closed","ping_status":"closed","template":"","meta":{"_acf_changed":false,"slim_seo":{"title":"Ring mit Schwarzem Turmalin aus 925 Silber - Joya Jewels","description":"925 Silber Steingr\u00f6\u00dfe (inkl. Fassung): ca. 16 mm (L) x 12 mm (B) x 5 mm (H) Handarbeit Schwarzer Turmalin Ringgr\u00f6\u00dfe 56 Ethisch fair produziert Weitere St\u00fccke so"}},"product_brand":[],"product_cat":[673,346,659,657,940,2076],"product_tag":[2055,533,498,615,593,614,487,134],"class_list":{"0":"post-19298","1":"product","2":"type-product","3":"status-publish","4":"has-post-thumbnail","6":"product_cat-edelsteine","7":"product_cat-kollektion","8":"product_cat-ringe","9":"product_cat-schmuck","10":"product_cat-schwarzer-turmalin","11":"product_cat-silber-mit-edelstein","12":"product_tag-2055","13":"product_tag-925-silber","14":"product_tag-ring","15":"product_tag-schoerl","16":"product_tag-schwarz","17":"product_tag-schwarzer-turmalin","18":"product_tag-silber","19":"product_tag-turmalin","20":"pa_edelstein-schwarzer-turmalin","21":"pa_edelsteinfassung-krappenfassung","22":"pa_edelsteinschliff-rohstein","23":"pa_ringgroesse-90","24":"pa_schmucktyp-silber-mit-edelstein","26":"first","27":"instock","28":"shipping-taxable","29":"purchasable","30":"product-type-simple","31":"add-to-wishlist-before_image","32":"customify-col","33":"product-has-gallery"},"acf":[],"_links":{"self":[{"href":"https:\/\/joyajewels.com\/en\/wp-json\/wp\/v2\/product\/19298","targetHints":{"allow":["GET"]}}],"collection":[{"href":"https:\/\/joyajewels.com\/en\/wp-json\/wp\/v2\/product"}],"about":[{"href":"https:\/\/joyajewels.com\/en\/wp-json\/wp\/v2\/types\/product"}],"replies":[{"embeddable":true,"href":"https:\/\/joyajewels.com\/en\/wp-json\/wp\/v2\/comments?post=19298"}],"wp:featuredmedia":[{"embeddable":true,"href":"https:\/\/joyajewels.com\/en\/wp-json\/wp\/v2\/media\/19299"}],"wp:attachment":[{"href":"https:\/\/joyajewels.com\/en\/wp-json\/wp\/v2\/media?parent=19298"}],"wp:term":[{"taxonomy":"product_brand","embeddable":true,"href":"https:\/\/joyajewels.com\/en\/wp-json\/wp\/v2\/product_brand?post=19298"},{"taxonomy":"product_cat","embeddable":true,"href":"https:\/\/joyajewels.com\/en\/wp-json\/wp\/v2\/product_cat?post=19298"},{"taxonomy":"product_tag","embeddable":true,"href":"https:\/\/joyajewels.com\/en\/wp-json\/wp\/v2\/product_tag?post=19298"}],"curies":[{"name":"wp","href":"https:\/\/api.w.org\/{rel}","templated":true}]}}